{"id":981,"date":"2022-08-30T14:03:37","date_gmt":"2022-08-30T12:03:37","guid":{"rendered":"https:\/\/conslondra.esteri.it\/?page_id=981"},"modified":"2025-10-30T15:54:18","modified_gmt":"2025-10-30T14:54:18","slug":"riconoscimento-in-italia-di-adozione-britannica","status":"publish","type":"page","link":"https:\/\/conslondra.esteri.it\/it\/servizi-consolari-e-visti\/servizi-per-il-cittadino-italiano\/notarile\/adozioni-internazionali\/riconoscimento-in-italia-di-adozione-britannica\/","title":{"rendered":"Riconoscimento in Italia di adozione britannica"},"content":{"rendered":"<p style=\"text-align: justify;\">I genitori adottanti, di cui almeno uno in possesso della cittadinanza italiana, residenti nel Regno Unito da almeno due anni continuativi ed iscritti all\u2019AIRE di questo Consolato Generale, potranno presentare, presso l\u2019Ufficio Notarile, istanza al Tribunale per i Minorenni competente per richiedere la dichiarazione di efficacia in Italia del provvedimento di adozione britannico.<\/p>\n<p style=\"text-align: justify;\"><strong>DOCUMENTAZIONE RICHIESTA<\/strong><\/p>\n<ol style=\"text-align: justify;\">\n<li><a href=\"https:\/\/conslondra.esteri.it\/it\/chi-siamo\/la-sede\/modulistica\/modulistica-notarile\/\">Modulo di istanza<\/a> compilato e firmato;<\/li>\n<li>Atto integrale di nascita dell\u2019adottato, rilasciato prima dell\u2019adozione britannica.\n<ul>\n<li>Se il minore <strong>non \u00e8 nato nel Regno Unito<\/strong>, si dovr\u00e0 presentare l\u2019atto integrale di nascita rilasciato dal Paese di origine. Tale atto dovr\u00e0 essere legalizzato e tradotto in Italiano. Per la traduzione e la legalizzazione si invita a visitare il sito del <a href=\"https:\/\/serviziconsolari.esteri.it\/ScoFE\/services\/consulate\/find-consulate.sco\">Consolato italiano competente<\/a> nel Paese che ha rilasciato il certificato. La legalizzazione deve essere effettuata con apostilla, se il Paese ha firmato la Convenzione dell\u2019Aja del 05.10.1961. Se il Paese non \u00e8 firmatario di tale Convenzione, la legalizzazione deve essere effettuata dall\u2019Ambasciata\/Consolato competente per il Paese di rilascio. La traduzione in italiano, effettuata da un traduttore ufficiale, deve essere certificata dall\u2019<a href=\"https:\/\/serviziconsolari.esteri.it\/ScoFE\/services\/consulate\/find-consulate.sco\">Ambasciata\/Consolato italiano<\/a> competente o legalizzata con apostilla;<\/li>\n<li>Se il minore adottato <strong>\u00e8 nato nel Regno Unito<\/strong>, si dovr\u00e0 presentare il \u201cfull birth certificate\u201d rilasciato dal <a href=\"https:\/\/www.gov.uk\/order-copy-birth-death-marriage-certificate\">General Register Office<\/a>. Tale atto dovr\u00e0 essere legalizzato tramite apostilla dal <a href=\"https:\/\/www.gov.uk\/get-document-legalised\">Legalisation Office<\/a>. L\u2019atto dovr\u00e0 essere tradotto in italiano.\u00a0 La traduzione pu\u00f2 essere fatta anche dagli interessati, purch\u00e8 completa e corretta. Un modello di traduzione \u00e8 disponibile <a href=\"https:\/\/conslondra.esteri.it\/it\/chi-siamo\/la-sede\/modulistica\/modulistica-notarile\/\">qui<\/a>;<\/li>\n<\/ul>\n<\/li>\n<li>Atto di nascita britannico, rilasciato successivamente all\u2019adozione. Tale atto dovr\u00e0 essere legalizzato e tradotto in italiano (vedi punto 2);<\/li>\n<li>Sentenza di adozione britannica, legalizzata come sopra, con traduzione in lingua italiana;<\/li>\n<li>Fotocopie dei documenti di identit\u00e0 dei genitori adottivi e del minore.<\/li>\n<\/ol>\n<p>&nbsp;<\/p>\n<p><strong>MODALIT\u00c0 DI PRENOTAZIONE E COSTO DEL SERVIZIO<\/strong><\/p>\n<p style=\"text-align: justify;\">Una volta in possesso della suddetta documentazione, gli interessati dovranno prendere contatti con l\u2019Ufficio Notarile scrivendo una email a <a href=\"mailto:notarile.londra@esteri.it\">notarile.londra@esteri.it<\/a>.<\/p>\n<p style=\"text-align: justify;\">Per le pratiche di adozione NON \u00e8 previsto il pagamento di diritti consolari.<\/p>\n<p>&nbsp;<\/p>\n<p>&nbsp;<\/p>\n<p style=\"text-align: right;\"><a href=\"https:\/\/conslondra.esteri.it\/it\/servizi-consolari-e-visti\/servizi-per-il-cittadino-italiano\/notarile\/\">Torna a Servizi Notarili<\/a><\/p>\n<p>&nbsp;<\/p>\n<p>&nbsp;<\/p>\n","protected":false},"excerpt":{"rendered":"I genitori adottanti, di cui almeno uno in possesso della cittadinanza italiana, residenti nel Regno Unito da almeno due anni continuativi ed iscritti all\u2019AIRE di questo Consolato Generale, potranno presentare, presso l\u2019Ufficio Notarile, istanza al Tribunale per i Minorenni competente per richiedere la dichiarazione di efficacia in Italia del provvedimento di adozione britannico. DOCUMENTAZIONE RICHIESTA [&hellip;]","protected":false},"author":6,"featured_media":0,"parent":158,"menu_order":0,"comment_status":"closed","ping_status":"closed","template":"","meta":{"footnotes":""},"class_list":["post-981","page","type-page","status-publish","hentry"],"_links":{"self":[{"href":"https:\/\/conslondra.esteri.it\/it\/wp-json\/wp\/v2\/pages\/981","targetHints":{"allow":["GET"]}}],"collection":[{"href":"https:\/\/conslondra.esteri.it\/it\/wp-json\/wp\/v2\/pages"}],"about":[{"href":"https:\/\/conslondra.esteri.it\/it\/wp-json\/wp\/v2\/types\/page"}],"author":[{"embeddable":true,"href":"https:\/\/conslondra.esteri.it\/it\/wp-json\/wp\/v2\/users\/6"}],"replies":[{"embeddable":true,"href":"https:\/\/conslondra.esteri.it\/it\/wp-json\/wp\/v2\/comments?post=981"}],"version-history":[{"count":6,"href":"https:\/\/conslondra.esteri.it\/it\/wp-json\/wp\/v2\/pages\/981\/revisions"}],"predecessor-version":[{"id":16318,"href":"https:\/\/conslondra.esteri.it\/it\/wp-json\/wp\/v2\/pages\/981\/revisions\/16318"}],"up":[{"embeddable":true,"href":"https:\/\/conslondra.esteri.it\/it\/wp-json\/wp\/v2\/pages\/158"}],"wp:attachment":[{"href":"https:\/\/conslondra.esteri.it\/it\/wp-json\/wp\/v2\/media?parent=981"}],"curies":[{"name":"wp","href":"https:\/\/api.w.org\/{rel}","templated":true}]}}